{"id":846,"date":"2025-05-21T22:47:32","date_gmt":"2025-05-21T22:47:32","guid":{"rendered":"https:\/\/grupocl.mx\/queretaro\/?page_id=846"},"modified":"2025-05-22T16:30:39","modified_gmt":"2025-05-22T16:30:39","slug":"aviso-de-privacidad","status":"publish","type":"page","link":"https:\/\/grupocl.mx\/queretaro\/aviso-de-privacidad\/","title":{"rendered":"Aviso de privacidad"},"content":{"rendered":"<div class=\"fusion-fullwidth fullwidth-box fusion-builder-row-1 fusion-flex-container has-pattern-background has-mask-background nonhundred-percent-fullwidth non-hundred-percent-height-scrolling\" style=\"--awb-border-radius-top-left:0px;--awb-border-radius-top-right:0px;--awb-border-radius-bottom-right:0px;--awb-border-radius-bottom-left:0px;--awb-flex-wrap:wrap;\" ><div class=\"fusion-builder-row fusion-row fusion-flex-align-items-flex-start fusion-flex-content-wrap\" style=\"max-width:1248px;margin-left: calc(-4% \/ 2 );margin-right: calc(-4% \/ 2 );\"><div class=\"fusion-layout-column fusion_builder_column fusion-builder-column-0 fusion_builder_column_1_1 1_1 fusion-flex-column\" style=\"--awb-bg-size:cover;--awb-width-large:100%;--awb-margin-top-large:0px;--awb-spacing-right-large:1.92%;--awb-margin-bottom-large:20px;--awb-spacing-left-large:1.92%;--awb-width-medium:100%;--awb-order-medium:0;--awb-spacing-right-medium:1.92%;--awb-spacing-left-medium:1.92%;--awb-width-small:100%;--awb-order-small:0;--awb-spacing-right-small:1.92%;--awb-spacing-left-small:1.92%;\"><div class=\"fusion-column-wrapper fusion-column-has-shadow fusion-flex-justify-content-flex-start fusion-content-layout-column\"><div class=\"fusion-text fusion-text-1\"><p style=\"text-align: left;\"><strong>AVISO DE PRIVACIDAD<\/strong><br \/>\n(Cargo Lift, S.A. de C.V.)<\/p>\n<p style=\"text-align: left;\">En cumplimiento con lo establecido por la Ley Federal de Protecci\u00f3n de Datos Personales en Posesi\u00f3n de los Particulares, publicada en el Diario Oficial de la Federaci\u00f3n el d\u00eda 20 de marzo de 2025 (la \u201cLey\u201d), se extiende el presente Aviso de Privacidad.<\/p>\n<p style=\"text-align: left;\"><strong>I. Responsable del Tratamiento de Datos Personales<\/strong><\/p>\n<p style=\"text-align: left;\">Cargo Lift, S.A. de C.V. (\u201cCL\u201d), con domicilio en Avenida Tezozomoc No. 94, Colonia San Miguel Amantla, Delegaci\u00f3n Azcapotzalco, Ciudad de M\u00e9xico, C.P. 11700, Tel\u00e9fono +52 (55) 5536-6542, por medio del presente hace de su conocimiento que sus datos personales ser\u00e1n tratados estrictamente para los fines que m\u00e1s adelante se se\u00f1alan.<\/p>\n<p style=\"text-align: left;\"><strong>II. Datos Personales<\/strong><\/p>\n<p style=\"text-align: left;\">Los datos personales que ser\u00e1n tratados por CL consisten en informaci\u00f3n personal del titular, la cual puede comprender: su nombre completo, direcci\u00f3n de correo electr\u00f3nico, domicilio, n\u00fameros de tel\u00e9fono, lugar y fecha de nacimiento, estado civil, Registro Federal de Contribuyentes, CURP, entre otra estrictamente indispensable para los fines que posteriormente se mencionan; pero en ning\u00fan caso se obtendr\u00e1n ni tratar\u00e1n datos personales considerados \u201csensibles\u201d por la Ley.<br \/>\nEn caso de no contar con sus datos personales, CL no estar\u00e1 en posibilidad de usarlos, por lo que CL no tendr\u00e1 ning\u00fan tipo de responsabilidad derivada del manejo de los mismos.<\/p>\n<p style=\"text-align: left;\">I<strong>II. Finalidades del Tratamiento de Datos Personales<\/strong><\/p>\n<p style=\"text-align: left;\">CL podr\u00e1 recabar sus datos personales sin fines de divulgaci\u00f3n o utilizaci\u00f3n comercial, y ser\u00e1 utilizada \u00fanicamente para los siguientes fines:<br \/>\n\u2022 Inicio de procesos de evaluaci\u00f3n para formar parte del grupo de clientes y proveedores de CL.<br \/>\n\u2022 La realizaci\u00f3n de transacciones y actos a ser potencialmente celebrados con CL.<br \/>\n\u2022 La realizaci\u00f3n de encuestas de cualquier tipo.<br \/>\n\u2022 El trato de cualquier asunto derivado de la relaci\u00f3n que pueda tener con<br \/>\nCL, o con cualquiera de sus filiales.<br \/>\n\u2022 La promoci\u00f3n de productos, descuentos, promociones, bonificaciones, concursos y publicidad en general, ofrecidos por CL, o por cualquiera de sus filiales nacionales o extranjeras.<\/p>\n<p style=\"text-align: left;\">\u2022 Las revisiones y correcciones requeridas para la actualizaci\u00f3n tanto de datos personales como de este sitio web para mayor conocimiento de los titulares, tanto para efectos legales como de seguridad.<br \/>\n\u2022 La comunicaci\u00f3n con sus clientes, proveedores, empleados o cualquier persona para tratar cualquier tema relacionado con sus datos personales o con el presente Aviso de Privacidad.<br \/>\n\u2022 El trato de cualquier tema relacionado con la informaci\u00f3n de este sitio web.<br \/>\n\u2022 La propalaci\u00f3n de informaci\u00f3n que CL considere de inter\u00e9s.<br \/>\n\u2022 Cualquier otra actividad necesaria para la realizaci\u00f3n de los fines antes mencionados.<br \/>\nLos datos personales ser\u00e1n guardados bajo la m\u00e1s estricta confidencialidad y no se les podr\u00e1 dar un uso distinto a los antes mencionados, salvo que medie un cambio en este Aviso de Privacidad, de conformidad con lo previsto en el apartado XI del presente documento.<br \/>\nLos datos personales, una vez que se cumpla la finalidad del tratamiento de los mismos, ser\u00e1n bloqueados con el \u00fanico prop\u00f3sito de determinar posibles responsabilidades en relaci\u00f3n con su tratamiento, hasta el plazo de prescripci\u00f3n legal o contractual aplicable. Durante dicho periodo, los datos personales no podr\u00e1n ser objeto de tratamiento y, transcurrido \u00e9ste, se proceder\u00e1 a su cancelaci\u00f3n en la base de datos correspondiente y, en su caso, a la destrucci\u00f3n de los registros f\u00edsicos.<\/p>\n<p style=\"text-align: left;\"><strong>IV. Recolecci\u00f3n de los Datos Personales<\/strong><\/p>\n<p style=\"text-align: left;\">Para la recolecci\u00f3n de datos personales, CL observa todos los principios que marca la Ley, como licitud, finalidad, lealtad, consentimiento, calidad, proporcionalidad, informaci\u00f3n, y responsabilidad.<br \/>\nLos datos personales ser\u00e1n recabados directamente del titular de forma personal, o bien, por cualquier medio electr\u00f3nico, \u00f3ptico, sonoro, visual, gr\u00e1fico, o por cualquier otra tecnolog\u00eda legalmente permitida.<br \/>\nLa informaci\u00f3n que CL recibe y almacena de las p\u00e1ginas de Internet cuando usted interact\u00faa en los sitios web de CL es principalmente informaci\u00f3n t\u00e9cnica, como su direcci\u00f3n de protocolo de Internet, su sistema operativo en la computadora y su tipo de navegador, la direcci\u00f3n de un sitio web de referencia, en su caso, y la ruta que siga durante su recorrido por la p\u00e1gina web. CL utiliza &amp;quot;cookies&amp;quot; para reconocerlo cuando utilice o regrese a sus sitios web. Una &amp;quot;cookie&amp;quot; es un peque\u00f1o archivo de texto que un sitio web o un correo electr\u00f3nico puede registrar en su navegador y almacenarlo en su disco duro. Usted puede elegir navegar en los sitios web de CL sin aceptar las cookies. Las cookies permiten a CL reconocerlo de p\u00e1gina en p\u00e1gina, y respaldan sus operaciones con CL. Sin las cookies habilitadas, usted podr\u00e1 navegar en los sitios web de CL, pero es posible que no pueda utilizar algunas caracter\u00edsticas del mismo. Se recaba esta informaci\u00f3n para permitir que los sitios web operen correctamente, evaluar el uso del sitio web y apoyar campa\u00f1as promocionales.<br \/>\nAdem\u00e1s, CL podr\u00e1 obtener informaci\u00f3n del titular de otras fuentes permitidas por la ley, tales como directorios telef\u00f3nicos o laborales, bolsas de trabajo, referencias de otras empresas o particulares, bases de datos p\u00fablicas de cualquier entidad o dependencia p\u00fablica o privada, entre otras.<\/p>\n<p style=\"text-align: left;\"><strong>V. Opciones y medios para limitar el uso o divulgaci\u00f3n de los datos personales<\/strong><\/p>\n<p style=\"text-align: left;\">En CL se cuenta con las medidas de seguridad, administrativas, t\u00e9cnicas y f\u00edsicasnecesarias y suficientes para proteger sus datos personales contra da\u00f1o, p\u00e9rdida, alteraci\u00f3n, destrucci\u00f3n, uso, acceso o tratamiento no autorizado.<br \/>\nLos datos personales son salvaguardados en bases de datos y equipos de c\u00f3mputo que cuentan con la seguridad necesaria para prevenir fugas de informaci\u00f3n. Controles de acceso f\u00edsico y l\u00f3gico, controles ambientales, sistemas de protecci\u00f3n anti intrusos (IPS, Firewall), herramientas de protecci\u00f3n antivirus y filtrado web, son algunas de las herramientas utilizadas para mantener la seguridad de los datos en los sistemas de informaci\u00f3n de CL.<br \/>\nLas herramientas de seguridad inform\u00e1tica mencionadas en el p\u00e1rrafo anterior est\u00e1n apoyadas por una pol\u00edtica interna de seguridad de la informaci\u00f3n que explica a los empleados las consideraciones de seguridad que deben tomar en cuenta al utilizar un sistema inform\u00e1tico, misma que es reforzada constantemente.<br \/>\nPor ello, se hacen de su conocimiento las opciones que usted tiene para solicitar la limitaci\u00f3n del uso o divulgaci\u00f3n de sus datos personales, materia de este Aviso de Privacidad:<br \/>\na) Por escrito enviado al Encargado del Tratamiento de Datos Personales (en el domicilio se\u00f1alado en el punto VI siguiente); o v\u00eda correo electr\u00f3nico dirigido a la direcci\u00f3n ventas@cargo-lift.com.mx.<br \/>\nb) V\u00eda telef\u00f3nica con el Encargado del Tratamiento de Datos Personales al tel\u00e9fono +52 (55) 5536-6542.<\/p>\n<p style=\"text-align: left;\"><strong>VI. <\/strong>Encargado del Tratamiento de los Datos Personales El Encargado del Tratamiento de Datos Personales en CL es el Departamento de Recursos Humanos, con domicilio en Avenida Tezozomoc No. 94, Colonia San Miguel Amantla, Delegaci\u00f3n Azcapotzalco, Ciudad de M\u00e9xico, C.P. 11700, con horario de atenci\u00f3n de las 9:00 a las 18:00 horas, de Lunes a Viernes, correo electr\u00f3nico ventas@cargo-lift.com.mx, tel\u00e9fono +52 (55) 5536-6542.<\/p>\n<p style=\"text-align: left;\"><strong>VII. <\/strong>Medios para ejercer los derechos de acceso, rectificaci\u00f3n, cancelaci\u00f3n u oposici\u00f3n (\u201cARCO\u201d), de conformidad con lo dispuesto en la Ley Usted podr\u00e1 ejercer sus derechos ARCO contactando directamente al Encargado del Tratamiento de Datos Personales v\u00eda correo electr\u00f3nico: ventas@cargo- lift.com.mx. La solicitud ARCO deber\u00e1 contener y acompa\u00f1ar lo que se\u00f1ala la Ley en su art\u00edculo 28, tal como:<\/p>\n<p style=\"text-align: left;\">\u2022 El nombre y direcci\u00f3n de correo electr\u00f3nico del titular, o de su representante legal, para recibir notificaciones.<br \/>\n\u2022 Identificaci\u00f3n oficial del titular, o bien, de su representante legal, incluyendo carta poder en este \u00faltimo caso.<br \/>\n\u2022 La descripci\u00f3n clara y precisa de los datos personales respecto de los que se busca ejercer alguno de los derechos ARCO, as\u00ed como del derecho ARCO que se desea ejercer.<br \/>\n\u2022 Cualquier otro elemento o documento que facilite la localizaci\u00f3n de los datos personales, as\u00ed como cualquier otro documento que exija la legislaci\u00f3n vigente al momento de la presentaci\u00f3n de la solicitud.<br \/>\nCL no est\u00e1 obligado a cancelar los datos personales cuando se trate de alguno de los supuestos establecidos en la Ley, entre otras las siguientes: i) que se refieran a las partes de un contrato privado, social o administrativo y sean necesarios para su desarrollo y cumplimiento; ii) que deban ser tratados por disposici\u00f3n legal; iii) que se obstaculice actuaciones judiciales o administrativas vinculadas a obligaciones fiscales, a la investigaci\u00f3n y persecuci\u00f3n de delitos o a la actualizaci\u00f3n de sanciones administrativas; y iv) que sean necesarios para proteger los intereses jur\u00eddicamente tutelados del titular, para realizar una acci\u00f3n en funci\u00f3n del inter\u00e9s p\u00fablico, para cumplir una obligaci\u00f3n legalmente adquirida por el titular y que sean objeto de tratamiento para la prevenci\u00f3n o para el diagn\u00f3stico m\u00e9dico o la gesti\u00f3n de servicios de salud, siempre que dicho tratamiento se realice por un profesional de la salud sujeto a un deber de secreto.<br \/>\nPara tener mayor informaci\u00f3n respecto al ejercicio de sus derechos ARCO, puede comunicarse directamente con el Encargado del Tratamiento de Datos Personales cuyos datos aparecen en el apartado VI del presente Aviso de Privacidad.<\/p>\n<p style=\"text-align: left;\"><strong>VIII.<\/strong> Transferencias de datos personales que se efect\u00faen Los datos personales no ser\u00e1n divulgados ni compartidos con terceros, en el entendido de que no se considera como tercero a las empresas que formen parte del mismo grupo corporativo de CL, que requieran tener los datos personales para los fines antes mencionados. La \u00fanica transferencia de datos a terceros ser\u00e1 en todo caso para dar cumplimiento a obligaciones legales.<\/p>\n<p style=\"text-align: left;\"><strong>IX. Revocaci\u00f3n<\/strong><\/p>\n<p style=\"text-align: left;\">El titular de los datos personales podr\u00e1 revocar su consentimiento para el tratamiento de datos personales en cualquier momento, debiendo, \u00fanicamente para tales efectos, enviar una solicitud por escrito al Encargado de los Datos Personales, ya sea por mensajer\u00eda al domicilio o al correo electr\u00f3nico mencionados en el apartado VI del presente Aviso de Privacidad, debiendo confirmar su recepci\u00f3n.<br \/>\nCL tiene un plazo m\u00e1ximo de 20 (veinte) d\u00edas h\u00e1biles para informarle sobre la procedencia de la solicitud de revocaci\u00f3n y, si resulta procedente, se har\u00e1 efectiva la misma dentro de los 15 (quince) d\u00edas h\u00e1biles siguientes a la fecha en que se comunique la respuesta al correo electr\u00f3nico que nos proporcione para tales efectos.<\/p>\n<p style=\"text-align: left;\"><strong>X. Consentimiento del Titular<\/strong><\/p>\n<p style=\"text-align: left;\">Se considerar\u00e1 que el titular ha otorgado su consentimiento para el tratamiento de sus datos personales, siempre que no haya manifestado su oposici\u00f3n mediante aviso por escrito en los t\u00e9rminos establecidos en el apartado VII del presente Aviso de Privacidad.<\/p>\n<p style=\"text-align: left;\"><strong>XI. Cambios al Aviso de Privacidad<\/strong><\/p>\n<p style=\"text-align: left;\">CL se reserva el derecho de cambiar este Aviso de Privacidad en cualquier momento, estando siempre a disposici\u00f3n de los titulares en las oficinas de CL, as\u00ed como en el sitio web: https:\/\/cargo-lift.com.mx\/politica-de-privacidad\/. \u00daltima Actualizaci\u00f3n: Mayo 2025<\/p>\n<\/div><\/div><\/div><\/div><\/div>\n","protected":false},"excerpt":{"rendered":"","protected":false},"author":1,"featured_media":0,"parent":0,"menu_order":0,"comment_status":"closed","ping_status":"closed","template":"","meta":{"footnotes":""},"class_list":["post-846","page","type-page","status-publish","hentry"],"_links":{"self":[{"href":"https:\/\/grupocl.mx\/queretaro\/wp-json\/wp\/v2\/pages\/846","targetHints":{"allow":["GET"]}}],"collection":[{"href":"https:\/\/grupocl.mx\/queretaro\/wp-json\/wp\/v2\/pages"}],"about":[{"href":"https:\/\/grupocl.mx\/queretaro\/wp-json\/wp\/v2\/types\/page"}],"author":[{"embeddable":true,"href":"https:\/\/grupocl.mx\/queretaro\/wp-json\/wp\/v2\/users\/1"}],"replies":[{"embeddable":true,"href":"https:\/\/grupocl.mx\/queretaro\/wp-json\/wp\/v2\/comments?post=846"}],"version-history":[{"count":3,"href":"https:\/\/grupocl.mx\/queretaro\/wp-json\/wp\/v2\/pages\/846\/revisions"}],"predecessor-version":[{"id":859,"href":"https:\/\/grupocl.mx\/queretaro\/wp-json\/wp\/v2\/pages\/846\/revisions\/859"}],"wp:attachment":[{"href":"https:\/\/grupocl.mx\/queretaro\/wp-json\/wp\/v2\/media?parent=846"}],"curies":[{"name":"wp","href":"https:\/\/api.w.org\/{rel}","templated":true}]}}